{"id":3467,"date":"2023-11-14T14:33:52","date_gmt":"2023-11-14T14:33:52","guid":{"rendered":"https:\/\/ticket.monster\/contact-2\/"},"modified":"2023-12-13T15:46:17","modified_gmt":"2023-12-13T15:46:17","slug":"contact-consommateur","status":"publish","type":"page","link":"https:\/\/ticket.monster\/fr\/contact-consommateur\/","title":{"rendered":"Contact"},"content":{"rendered":"\t\t<div data-elementor-type=\"wp-page\" data-elementor-id=\"3467\" class=\"elementor elementor-3467 elementor-3167\">\n\t\t\t\t\t\t\t<div class=\"elementor-element elementor-element-49c8a87 e-flex e-con-boxed e-con e-parent\" data-id=\"49c8a87\" data-element_type=\"container\" data-settings=\"{&quot;content_width&quot;:&quot;boxed&quot;}\" data-core-v316-plus=\"true\">\n\t\t\t\t\t<div class=\"e-con-inner\">\n\t\t<div class=\"elementor-element elementor-element-1c5c6da e-con-full e-flex e-con e-child\" data-id=\"1c5c6da\" data-element_type=\"container\" data-settings=\"{&quot;content_width&quot;:&quot;full&quot;}\">\n\t\t\t\t<div class=\"elementor-element elementor-element-bbea547 elementor-widget elementor-widget-image\" data-id=\"bbea547\" data-element_type=\"widget\" data-widget_type=\"image.default\">\n\t\t\t\t<div class=\"elementor-widget-container\">\n\t\t\t<style>\/*! elementor - v3.18.0 - 20-12-2023 *\/\n.elementor-widget-image{text-align:center}.elementor-widget-image a{display:inline-block}.elementor-widget-image a img[src$=\".svg\"]{width:48px}.elementor-widget-image img{vertical-align:middle;display:inline-block}<\/style>\t\t\t\t\t\t\t\t\t\t\t\t<img decoding=\"async\" src=\"https:\/\/ticket.monster\/wp-content\/uploads\/elementor\/thumbs\/TICKET_MONSTER_LOGO-06-Transp-Wit-qf3o3jftu5h2i5qhpdfztwoh544kltnhykq3723b9s.png\" title=\"TICKET_MONSTER_LOGO-06 &#8211; Transp &#8211; Wit\" alt=\"TICKET_MONSTER_LOGO-06 - Transp - Wit\" loading=\"lazy\" \/>\t\t\t\t\t\t\t\t\t\t\t\t\t\t\t<\/div>\n\t\t\t\t<\/div>\n\t\t\t\t<div class=\"elementor-element elementor-element-bd6d979 elementor-widget elementor-widget-text-editor\" data-id=\"bd6d979\" data-element_type=\"widget\" data-widget_type=\"text-editor.default\">\n\t\t\t\t<div class=\"elementor-widget-container\">\n\t\t\t<style>\/*! elementor - v3.18.0 - 20-12-2023 *\/\n.elementor-widget-text-editor.elementor-drop-cap-view-stacked .elementor-drop-cap{background-color:#69727d;color:#fff}.elementor-widget-text-editor.elementor-drop-cap-view-framed .elementor-drop-cap{color:#69727d;border:3px solid;background-color:transparent}.elementor-widget-text-editor:not(.elementor-drop-cap-view-default) .elementor-drop-cap{margin-top:8px}.elementor-widget-text-editor:not(.elementor-drop-cap-view-default) .elementor-drop-cap-letter{width:1em;height:1em}.elementor-widget-text-editor .elementor-drop-cap{float:left;text-align:center;line-height:1;font-size:50px}.elementor-widget-text-editor .elementor-drop-cap-letter{display:inline-block}<\/style>\t\t\t\t<h5 style=\"text-align: center;\">Vous avez achet\u00e9 des billets mais vous les avez perdus ? Probl\u00e8mes de t\u00e9l\u00e9chargement ? D&rsquo;autres questions concernant l&rsquo;\u00e9v\u00e9nement pour lequel vous avez achet\u00e9 des billets ?<\/h5>\n<h5 style=\"text-align: center;\"><span style=\"color: #ffffff;\">Contactez nous !<\/span><\/h5>\n\t\t\t\t\t\t<\/div>\n\t\t\t\t<\/div>\n\t\t\t\t<\/div>\n\t\t<div class=\"elementor-element elementor-element-4b379e3 e-con-full e-flex e-con e-child\" data-id=\"4b379e3\" data-element_type=\"container\" data-settings=\"{&quot;content_width&quot;:&quot;full&quot;}\">\n\t\t\t\t<div class=\"elementor-element elementor-element-d0c566a elementor-widget__width-initial elementor-widget elementor-widget-wpforms\" data-id=\"d0c566a\" data-element_type=\"widget\" data-widget_type=\"wpforms.default\">\n\t\t\t\t<div class=\"elementor-widget-container\">\n\t\t\t<style id=\"wpforms-css-vars-elementor-widget-d0c566a\">\n\t\t\t\t.elementor-widget-wpforms.elementor-element-d0c566a {\n\t\t\t\t--wpforms-field-border-radius: 16px;\n--wpforms-field-background-color: #FFFFFF;\n--wpforms-field-border-color: #FFFFFF40;\n--wpforms-field-border-color-spare: #FFFFFF40;\n--wpforms-field-text-color: #0C0C0C;\n--wpforms-label-color: #3DB64C;\n--wpforms-label-error-color: #FF0000;\n--wpforms-button-background-color: #3DB64C;\n--wpforms-button-text-color: #FFFFFF;\n--wpforms-button-border-radius: 16px;\n--wpforms-label-sublabel-color: #FFFFFF;\n--wpforms-field-size-input-height: 31px;\n--wpforms-field-size-input-spacing: 10px;\n--wpforms-field-size-font-size: 14px;\n--wpforms-field-size-line-height: 17px;\n--wpforms-field-size-padding-h: 9px;\n--wpforms-field-size-checkbox-size: 14px;\n--wpforms-field-size-sublabel-spacing: 5px;\n--wpforms-field-size-icon-size: 0.75;\n\t\t\t}\n\t\t\t<\/style><div class=\"wpforms-container wpforms-container-full wpforms-render-modern\" id=\"wpforms-3528\"><form id=\"wpforms-form-3528\" class=\"wpforms-validate wpforms-form wpforms-ajax-form\" data-formid=\"3528\" method=\"post\" enctype=\"multipart\/form-data\" action=\"\/fr\/wp-json\/wp\/v2\/pages\/3467\" data-token=\"af8bb54c45e54d3a4684209242dd03b3\" data-token-time=\"1777609917\"><noscript class=\"wpforms-error-noscript\">Veuillez activer JavaScript dans votre navigateur pour remplir ce formulaire.<\/noscript><div id=\"wpforms-error-noscript\" style=\"display: none;\">Veuillez activer JavaScript dans votre navigateur pour remplir ce formulaire.<\/div><div class=\"wpforms-field-container\"><div id=\"wpforms-3528-field_1-container\" class=\"wpforms-field wpforms-field-name\" data-field-id=\"1\"><fieldset><legend class=\"wpforms-field-label\">Pr\u00e9nom et nom <span class=\"wpforms-required-label\" aria-hidden=\"true\">*<\/span><\/legend><div class=\"wpforms-field-row wpforms-field-medium\"><div class=\"wpforms-field-row-block wpforms-first wpforms-one-half\"><input type=\"text\" id=\"wpforms-3528-field_1\" class=\"wpforms-field-name-first wpforms-field-required\" name=\"wpforms[fields][1][first]\" aria-errormessage=\"wpforms-3528-field_1-error\" required><label for=\"wpforms-3528-field_1\" class=\"wpforms-field-sublabel after\">Pr\u00e9nom<\/label><\/div><div class=\"wpforms-field-row-block wpforms-one-half\"><input type=\"text\" id=\"wpforms-3528-field_1-last\" class=\"wpforms-field-name-last wpforms-field-required\" name=\"wpforms[fields][1][last]\" aria-errormessage=\"wpforms-3528-field_1-last-error\" required><label for=\"wpforms-3528-field_1-last\" class=\"wpforms-field-sublabel after\">Nom<\/label><\/div><\/div><\/fieldset><\/div><div id=\"wpforms-3528-field_2-container\" class=\"wpforms-field wpforms-field-email\" data-field-id=\"2\"><label class=\"wpforms-field-label\" for=\"wpforms-3528-field_2\">   E-mail <span class=\"wpforms-required-label\" aria-hidden=\"true\">*<\/span><\/label><input type=\"email\" id=\"wpforms-3528-field_2\" class=\"wpforms-field-medium wpforms-field-required\" name=\"wpforms[fields][2]\" spellcheck=\"false\" aria-errormessage=\"wpforms-3528-field_2-error\" required><\/div><div id=\"wpforms-3528-field_4-container\" class=\"wpforms-field wpforms-field-text\" data-field-id=\"4\"><label class=\"wpforms-field-label\" for=\"wpforms-3528-field_4\">   \u00c9v\u00e9nement <span class=\"wpforms-required-label\" aria-hidden=\"true\">*<\/span><\/label><input type=\"text\" id=\"wpforms-3528-field_4\" class=\"wpforms-field-medium wpforms-field-required\" name=\"wpforms[fields][4]\" aria-errormessage=\"wpforms-3528-field_4-error\" required><\/div><div id=\"wpforms-3528-field_3-container\" class=\"wpforms-field wpforms-field-textarea\" data-field-id=\"3\"><label class=\"wpforms-field-label\" for=\"wpforms-3528-field_3\">Votre message <span class=\"wpforms-required-label\" aria-hidden=\"true\">*<\/span><\/label><textarea id=\"wpforms-3528-field_3\" class=\"wpforms-field-small wpforms-field-required wpforms-limit-characters-enabled\" data-form-id=\"3528\" data-field-id=\"3\" data-text-limit=\"1000\" name=\"wpforms[fields][3]\" aria-errormessage=\"wpforms-3528-field_3-error\" maxlength=\"1000\" required><\/textarea><\/div><\/div><!-- .wpforms-field-container --><div class=\"wpforms-submit-container\" ><input type=\"hidden\" name=\"wpforms[id]\" value=\"3528\"><input type=\"hidden\" name=\"page_title\" value=\"\"><input type=\"hidden\" name=\"page_url\" value=\"https:\/\/ticket.monster\/fr\/wp-json\/wp\/v2\/pages\/3467\"><input type=\"hidden\" name=\"url_referer\" value=\"\"><button type=\"submit\" name=\"wpforms[submit]\" id=\"wpforms-submit-3528\" class=\"wpforms-submit\" data-alt-text=\"Envoyer...\" data-submit-text=\"Envoyer\" aria-live=\"assertive\" value=\"wpforms-submit\">Envoyer<\/button><img decoding=\"async\" src=\"https:\/\/ticket.monster\/wp-content\/plugins\/wpforms-lite\/assets\/images\/submit-spin.svg\" class=\"wpforms-submit-spinner\" style=\"display: none;\" width=\"26\" height=\"26\" alt=\"Chargement en cours\"><\/div><\/form><\/div>  <!-- .wpforms-container -->\t\t<\/div>\n\t\t\t\t<\/div>\n\t\t\t\t<\/div>\n\t\t\t\t\t<\/div>\n\t\t\t\t<\/div>\n\t\t\t\t\t\t\t<\/div>\n\t\t","protected":false},"excerpt":{"rendered":"<p>Vous avez achet\u00e9 des billets mais vous les avez perdus ? Probl\u00e8mes de t\u00e9l\u00e9chargement ? D&rsquo;autres questions concernant l&rsquo;\u00e9v\u00e9nement pour lequel vous avez achet\u00e9 des billets ? Contactez nous ! Schakel JavaScript in je browser in om dit formulier in&#8230;<\/p>\n","protected":false},"author":1,"featured_media":0,"parent":0,"menu_order":0,"comment_status":"closed","ping_status":"closed","template":"","meta":{"_seopress_robots_primary_cat":"","_seopress_titles_title":"%%sitetitle%% %%sep%% Besoin d&#039;aide avec vos billets ?","_seopress_titles_desc":"%%sitetitle%% %%sep%% Vous avez achet\u00e9 des billets mais vous les avez perdus ? Des probl\u00e8mes pour les t\u00e9l\u00e9charger ? Vous avez d&#039;autres questions concernant l&#039;\u00e9v\u00e9nement pour lequel vous avez achet\u00e9 des billets ? N&#039;h\u00e9sitez pas \u00e0 nous contacter ! Today, Tomorrow, Together.","_seopress_robots_index":"","footnotes":""},"class_list":["post-3467","page","type-page","status-publish","hentry"],"_links":{"self":[{"href":"https:\/\/ticket.monster\/fr\/wp-json\/wp\/v2\/pages\/3467","targetHints":{"allow":["GET"]}}],"collection":[{"href":"https:\/\/ticket.monster\/fr\/wp-json\/wp\/v2\/pages"}],"about":[{"href":"https:\/\/ticket.monster\/fr\/wp-json\/wp\/v2\/types\/page"}],"author":[{"embeddable":true,"href":"https:\/\/ticket.monster\/fr\/wp-json\/wp\/v2\/users\/1"}],"replies":[{"embeddable":true,"href":"https:\/\/ticket.monster\/fr\/wp-json\/wp\/v2\/comments?post=3467"}],"version-history":[{"count":4,"href":"https:\/\/ticket.monster\/fr\/wp-json\/wp\/v2\/pages\/3467\/revisions"}],"predecessor-version":[{"id":3547,"href":"https:\/\/ticket.monster\/fr\/wp-json\/wp\/v2\/pages\/3467\/revisions\/3547"}],"wp:attachment":[{"href":"https:\/\/ticket.monster\/fr\/wp-json\/wp\/v2\/media?parent=3467"}],"curies":[{"name":"wp","href":"https:\/\/api.w.org\/{rel}","templated":true}]}}