{"id":3469,"date":"2016-10-31T10:19:14","date_gmt":"2016-10-31T10:19:14","guid":{"rendered":"https:\/\/ticket.monster\/contact-3\/"},"modified":"2023-12-14T08:22:56","modified_gmt":"2023-12-14T08:22:56","slug":"contact","status":"publish","type":"page","link":"https:\/\/ticket.monster\/fr\/contact\/","title":{"rendered":"Contact"},"content":{"rendered":"\t\t<div data-elementor-type=\"wp-page\" data-elementor-id=\"3469\" class=\"elementor elementor-3469 elementor-102\">\n\t\t\t\t\t\t\t<div class=\"elementor-element elementor-element-6ade053 e-flex e-con-boxed e-con e-parent\" data-id=\"6ade053\" data-element_type=\"container\" data-settings=\"{&quot;content_width&quot;:&quot;boxed&quot;}\" data-core-v316-plus=\"true\">\n\t\t\t\t\t<div class=\"e-con-inner\">\n\t\t<div class=\"elementor-element elementor-element-b2ad0bd e-con-full e-flex e-con e-child\" data-id=\"b2ad0bd\" data-element_type=\"container\" data-settings=\"{&quot;content_width&quot;:&quot;full&quot;}\">\n\t\t\t\t<\/div>\n\t\t<div class=\"elementor-element elementor-element-0d335cb e-con-full e-flex e-con e-child\" data-id=\"0d335cb\" data-element_type=\"container\" data-settings=\"{&quot;content_width&quot;:&quot;full&quot;}\">\n\t\t\t\t<div class=\"elementor-element elementor-element-906f062 elementor-view-default elementor-widget elementor-widget-icon\" data-id=\"906f062\" data-element_type=\"widget\" data-widget_type=\"icon.default\">\n\t\t\t\t<div class=\"elementor-widget-container\">\n\t\t\t\t\t<div class=\"elementor-icon-wrapper\">\n\t\t\t<div class=\"elementor-icon\">\n\t\t\t<svg aria-hidden=\"true\" class=\"e-font-icon-svg e-fas-ticket-alt\" viewBox=\"0 0 576 512\" xmlns=\"http:\/\/www.w3.org\/2000\/svg\"><path d=\"M128 160h320v192H128V160zm400 96c0 26.51 21.49 48 48 48v96c0 26.51-21.49 48-48 48H48c-26.51 0-48-21.49-48-48v-96c26.51 0 48-21.49 48-48s-21.49-48-48-48v-96c0-26.51 21.49-48 48-48h480c26.51 0 48 21.49 48 48v96c-26.51 0-48 21.49-48 48zm-48-104c0-13.255-10.745-24-24-24H120c-13.255 0-24 10.745-24 24v208c0 13.255 10.745 24 24 24h336c13.255 0 24-10.745 24-24V152z\"><\/path><\/svg>\t\t\t<\/div>\n\t\t<\/div>\n\t\t\t\t<\/div>\n\t\t\t\t<\/div>\n\t\t\t\t<div class=\"elementor-element elementor-element-783b8f3 elementor-widget elementor-widget-text-editor\" data-id=\"783b8f3\" data-element_type=\"widget\" data-widget_type=\"text-editor.default\">\n\t\t\t\t<div class=\"elementor-widget-container\">\n\t\t\t<style>\/*! elementor - v3.18.0 - 20-12-2023 *\/\n.elementor-widget-text-editor.elementor-drop-cap-view-stacked .elementor-drop-cap{background-color:#69727d;color:#fff}.elementor-widget-text-editor.elementor-drop-cap-view-framed .elementor-drop-cap{color:#69727d;border:3px solid;background-color:transparent}.elementor-widget-text-editor:not(.elementor-drop-cap-view-default) .elementor-drop-cap{margin-top:8px}.elementor-widget-text-editor:not(.elementor-drop-cap-view-default) .elementor-drop-cap-letter{width:1em;height:1em}.elementor-widget-text-editor .elementor-drop-cap{float:left;text-align:center;line-height:1;font-size:50px}.elementor-widget-text-editor .elementor-drop-cap-letter{display:inline-block}<\/style>\t\t\t\t<h5 style=\"text-align: center;\"><span style=\"color: #ffffff;\">Acheteur de billets avec une question<br \/>\u00e0 propos de votre (vos) billet(s)<\/span><\/h5>\n\t\t\t\t\t\t<\/div>\n\t\t\t\t<\/div>\n\t\t\t\t<div class=\"elementor-element elementor-element-57e5d68 elementor-align-center elementor-widget elementor-widget-button\" data-id=\"57e5d68\" data-element_type=\"widget\" data-widget_type=\"button.default\">\n\t\t\t\t<div class=\"elementor-widget-container\">\n\t\t\t\t\t<div class=\"elementor-button-wrapper\">\n\t\t\t<a class=\"elementor-button elementor-button-link elementor-size-md\" href=\"https:\/\/ticket.monster\/fr\/contact-consommateur\">\n\t\t\t\t\t\t<span class=\"elementor-button-content-wrapper\">\n\t\t\t\t\t\t<span class=\"elementor-button-text\">CLIQUEZ ICI<\/span>\n\t\t<\/span>\n\t\t\t\t\t<\/a>\n\t\t<\/div>\n\t\t\t\t<\/div>\n\t\t\t\t<\/div>\n\t\t\t\t<\/div>\n\t\t<div class=\"elementor-element elementor-element-f7e72ff e-con-full e-flex e-con e-child\" data-id=\"f7e72ff\" data-element_type=\"container\" data-settings=\"{&quot;content_width&quot;:&quot;full&quot;}\">\n\t\t\t\t<\/div>\n\t\t<div class=\"elementor-element elementor-element-5f1fd76 e-con-full e-flex e-con e-child\" data-id=\"5f1fd76\" data-element_type=\"container\" data-settings=\"{&quot;content_width&quot;:&quot;full&quot;}\">\n\t\t\t\t<div class=\"elementor-element elementor-element-c7c1c8e elementor-view-default elementor-widget elementor-widget-icon\" data-id=\"c7c1c8e\" data-element_type=\"widget\" data-widget_type=\"icon.default\">\n\t\t\t\t<div class=\"elementor-widget-container\">\n\t\t\t\t\t<div class=\"elementor-icon-wrapper\">\n\t\t\t<div class=\"elementor-icon\">\n\t\t\t<svg aria-hidden=\"true\" class=\"e-font-icon-svg e-fas-music\" viewBox=\"0 0 512 512\" xmlns=\"http:\/\/www.w3.org\/2000\/svg\"><path d=\"M470.38 1.51L150.41 96A32 32 0 0 0 128 126.51v261.41A139 139 0 0 0 96 384c-53 0-96 28.66-96 64s43 64 96 64 96-28.66 96-64V214.32l256-75v184.61a138.4 138.4 0 0 0-32-3.93c-53 0-96 28.66-96 64s43 64 96 64 96-28.65 96-64V32a32 32 0 0 0-41.62-30.49z\"><\/path><\/svg>\t\t\t<\/div>\n\t\t<\/div>\n\t\t\t\t<\/div>\n\t\t\t\t<\/div>\n\t\t\t\t<div class=\"elementor-element elementor-element-f835ff8 elementor-widget elementor-widget-text-editor\" data-id=\"f835ff8\" data-element_type=\"widget\" data-widget_type=\"text-editor.default\">\n\t\t\t\t<div class=\"elementor-widget-container\">\n\t\t\t\t\t\t\t<h5 style=\"text-align: center;\"><span style=\"color: #ffffff;\">Organisateur int\u00e9ress\u00e9<br \/>par ticket.monster<\/span><\/h5>\n\t\t\t\t\t\t<\/div>\n\t\t\t\t<\/div>\n\t\t\t\t<div class=\"elementor-element elementor-element-83e7c83 elementor-align-center elementor-widget elementor-widget-button\" data-id=\"83e7c83\" data-element_type=\"widget\" data-widget_type=\"button.default\">\n\t\t\t\t<div class=\"elementor-widget-container\">\n\t\t\t\t\t<div class=\"elementor-button-wrapper\">\n\t\t\t<a class=\"elementor-button elementor-button-link elementor-size-md\" href=\"https:\/\/ticket.monster\/fr\/contact-organisateur\/\">\n\t\t\t\t\t\t<span class=\"elementor-button-content-wrapper\">\n\t\t\t\t\t\t<span class=\"elementor-button-text\">CLIQUEZ ICI<\/span>\n\t\t<\/span>\n\t\t\t\t\t<\/a>\n\t\t<\/div>\n\t\t\t\t<\/div>\n\t\t\t\t<\/div>\n\t\t\t\t<\/div>\n\t\t<div class=\"elementor-element elementor-element-10a293c e-con-full e-flex e-con e-child\" data-id=\"10a293c\" data-element_type=\"container\" data-settings=\"{&quot;content_width&quot;:&quot;full&quot;}\">\n\t\t\t\t<\/div>\n\t\t\t\t\t<\/div>\n\t\t\t\t<\/div>\n\t\t\t\t\t\t\t<\/div>\n\t\t","protected":false},"excerpt":{"rendered":"<p>Acheteur de billets avec une question\u00e0 propos de votre (vos) billet(s) CLIQUEZ ICI Organisateur int\u00e9ress\u00e9par ticket.monster CLIQUEZ ICI<\/p>\n","protected":false},"author":1,"featured_media":0,"parent":0,"menu_order":0,"comment_status":"closed","ping_status":"closed","template":"","meta":{"_seopress_robots_primary_cat":"","_seopress_titles_title":"%%sitetitle%% %%sep%% Nous sommes l\u00e0 pour \u00e7a","_seopress_titles_desc":"%%sitetitle%% %%sep%% Acheteur de billets avec une question sur votre\/vos billet(s) ? Ou \u00eates-vous un organisateur int\u00e9ress\u00e9 par ticket.monster ? N&#039;h\u00e9sitez pas \u00e0 nous contacter ! Today, Tomorrow, Together.","_seopress_robots_index":"","footnotes":""},"class_list":["post-3469","page","type-page","status-publish","hentry"],"_links":{"self":[{"href":"https:\/\/ticket.monster\/fr\/wp-json\/wp\/v2\/pages\/3469","targetHints":{"allow":["GET"]}}],"collection":[{"href":"https:\/\/ticket.monster\/fr\/wp-json\/wp\/v2\/pages"}],"about":[{"href":"https:\/\/ticket.monster\/fr\/wp-json\/wp\/v2\/types\/page"}],"author":[{"embeddable":true,"href":"https:\/\/ticket.monster\/fr\/wp-json\/wp\/v2\/users\/1"}],"replies":[{"embeddable":true,"href":"https:\/\/ticket.monster\/fr\/wp-json\/wp\/v2\/comments?post=3469"}],"version-history":[{"count":11,"href":"https:\/\/ticket.monster\/fr\/wp-json\/wp\/v2\/pages\/3469\/revisions"}],"predecessor-version":[{"id":3702,"href":"https:\/\/ticket.monster\/fr\/wp-json\/wp\/v2\/pages\/3469\/revisions\/3702"}],"wp:attachment":[{"href":"https:\/\/ticket.monster\/fr\/wp-json\/wp\/v2\/media?parent=3469"}],"curies":[{"name":"wp","href":"https:\/\/api.w.org\/{rel}","templated":true}]}}