{"id":3471,"date":"2016-11-14T13:41:11","date_gmt":"2016-11-14T13:41:11","guid":{"rendered":"https:\/\/ticket.monster\/a-propos-de-nous\/"},"modified":"2023-12-13T15:45:01","modified_gmt":"2023-12-13T15:45:01","slug":"a-propos-de-nous","status":"publish","type":"page","link":"https:\/\/ticket.monster\/fr\/a-propos-de-nous\/","title":{"rendered":"A Propos De Nous"},"content":{"rendered":"\t\t<div data-elementor-type=\"wp-page\" data-elementor-id=\"3471\" class=\"elementor elementor-3471 elementor-2497\">\n\t\t\t\t\t\t\t<div class=\"elementor-element elementor-element-a801733 e-flex e-con-boxed e-con e-parent\" data-id=\"a801733\" data-element_type=\"container\" data-settings=\"{&quot;content_width&quot;:&quot;boxed&quot;}\" data-core-v316-plus=\"true\">\n\t\t\t\t\t<div class=\"e-con-inner\">\n\t\t<div class=\"elementor-element elementor-element-ffc210d e-con-full e-flex e-con e-child\" data-id=\"ffc210d\" data-element_type=\"container\" data-settings=\"{&quot;content_width&quot;:&quot;full&quot;}\">\n\t\t\t\t<div class=\"elementor-element elementor-element-00c583b elementor-widget elementor-widget-image\" data-id=\"00c583b\" data-element_type=\"widget\" data-widget_type=\"image.default\">\n\t\t\t\t<div class=\"elementor-widget-container\">\n\t\t\t<style>\/*! elementor - v3.18.0 - 20-12-2023 *\/\n.elementor-widget-image{text-align:center}.elementor-widget-image a{display:inline-block}.elementor-widget-image a img[src$=\".svg\"]{width:48px}.elementor-widget-image img{vertical-align:middle;display:inline-block}<\/style>\t\t\t\t\t\t\t\t\t\t\t\t<img fetchpriority=\"high\" decoding=\"async\" width=\"900\" height=\"860\" src=\"https:\/\/ticket.monster\/wp-content\/uploads\/2023\/11\/TICKET_MONSTER_LOGO-06-Transp-Wit-1024x979.png\" class=\"attachment-large size-large wp-image-2710\" alt=\"\" srcset=\"https:\/\/ticket.monster\/wp-content\/uploads\/2023\/11\/TICKET_MONSTER_LOGO-06-Transp-Wit-1024x979.png 1024w, https:\/\/ticket.monster\/wp-content\/uploads\/2023\/11\/TICKET_MONSTER_LOGO-06-Transp-Wit-300x287.png 300w, https:\/\/ticket.monster\/wp-content\/uploads\/2023\/11\/TICKET_MONSTER_LOGO-06-Transp-Wit-768x734.png 768w, https:\/\/ticket.monster\/wp-content\/uploads\/2023\/11\/TICKET_MONSTER_LOGO-06-Transp-Wit-1536x1469.png 1536w, https:\/\/ticket.monster\/wp-content\/uploads\/2023\/11\/TICKET_MONSTER_LOGO-06-Transp-Wit-2048x1958.png 2048w\" sizes=\"(max-width: 900px) 100vw, 900px\" \/>\t\t\t\t\t\t\t\t\t\t\t\t\t\t\t<\/div>\n\t\t\t\t<\/div>\n\t\t\t\t<\/div>\n\t\t<div class=\"elementor-element elementor-element-4f65e23 e-con-full e-flex e-con e-child\" data-id=\"4f65e23\" data-element_type=\"container\" data-settings=\"{&quot;content_width&quot;:&quot;full&quot;}\">\n\t\t\t\t<div class=\"elementor-element elementor-element-4eaf5b1 elementor-widget elementor-widget-heading\" data-id=\"4eaf5b1\" data-element_type=\"widget\" data-widget_type=\"heading.default\">\n\t\t\t\t<div class=\"elementor-widget-container\">\n\t\t\t<style>\/*! elementor - v3.18.0 - 20-12-2023 *\/\n.elementor-heading-title{padding:0;margin:0;line-height:1}.elementor-widget-heading .elementor-heading-title[class*=elementor-size-]>a{color:inherit;font-size:inherit;line-height:inherit}.elementor-widget-heading .elementor-heading-title.elementor-size-small{font-size:15px}.elementor-widget-heading .elementor-heading-title.elementor-size-medium{font-size:19px}.elementor-widget-heading .elementor-heading-title.elementor-size-large{font-size:29px}.elementor-widget-heading .elementor-heading-title.elementor-size-xl{font-size:39px}.elementor-widget-heading .elementor-heading-title.elementor-size-xxl{font-size:59px}<\/style><h2 class=\"elementor-heading-title elementor-size-default\">Nous sommes ticket.monster<\/h2>\t\t<\/div>\n\t\t\t\t<\/div>\n\t\t\t\t<div class=\"elementor-element elementor-element-430b502 elementor-widget elementor-widget-text-editor\" data-id=\"430b502\" data-element_type=\"widget\" data-widget_type=\"text-editor.default\">\n\t\t\t\t<div class=\"elementor-widget-container\">\n\t\t\t<style>\/*! elementor - v3.18.0 - 20-12-2023 *\/\n.elementor-widget-text-editor.elementor-drop-cap-view-stacked .elementor-drop-cap{background-color:#69727d;color:#fff}.elementor-widget-text-editor.elementor-drop-cap-view-framed .elementor-drop-cap{color:#69727d;border:3px solid;background-color:transparent}.elementor-widget-text-editor:not(.elementor-drop-cap-view-default) .elementor-drop-cap{margin-top:8px}.elementor-widget-text-editor:not(.elementor-drop-cap-view-default) .elementor-drop-cap-letter{width:1em;height:1em}.elementor-widget-text-editor .elementor-drop-cap{float:left;text-align:center;line-height:1;font-size:50px}.elementor-widget-text-editor .elementor-drop-cap-letter{display:inline-block}<\/style>\t\t\t\t<h6 style=\"text-align: center;\">Nous sommes ticket.monster, une agence flamande de conseil en billetterie et marketing. Nous sommes des Monstres avec des ann\u00e9es d&rsquo;exp\u00e9rience dans le monde de la billetterie et du marketing de base de donn\u00e9es.<\/h6>\n<h6 style=\"text-align: center;\">Avec ticket.monster, vous n&rsquo;avez pas seulement un fournisseur, mais un partenaire qui vous assiste en vous donnant des conseils pour optimiser vos activit\u00e9s.<\/h6>\n<h6 style=\"text-align: center;\">Vous avez besoin d&rsquo;aide pour mettre en place la vente de billets pour votre \u00e9v\u00e9nement, votre repr\u00e9sentation th\u00e9\u00e2trale ou votre club sportif ? Vous ne savez pas comment vous occuper du service d&rsquo;assistance multilingue ? Vous noyez vous dans les donn\u00e9es de vos fans sans que rien ne soit fait ?&nbsp;<\/h6>\n<h6 style=\"text-align: center;\">Nos Monstres apportent des r\u00e9ponses \u00e0 toutes ces questions. En r\u00e9fl\u00e9chissant de mani\u00e8re cr\u00e9ative avec vous, le client, nous proposons un plan d&rsquo;approche clair et enti\u00e8rement adapt\u00e9 <span style=\"text-decoration: underline;\">\u00e0 vos besoins<\/span>.<\/h6>\n<h6 style=\"text-align: center;\">Souhaitez-vous simplement utiliser notre plateforme de billetterie en libre-service sans aide suppl\u00e9mentaire ou souhaitez-vous b\u00e9n\u00e9ficier d&rsquo;un soutien en mati\u00e8re de billetterie, mais aussi de marketing de base de donn\u00e9es ?<\/h6>\n<h6 style=\"text-align: center;\">Contactez-nous rapidement et nous en discuterons ensemble pour faire une proposition sur mesure.&nbsp;<\/h6>\t\t\t\t\t\t<\/div>\n\t\t\t\t<\/div>\n\t\t\t\t<div class=\"elementor-element elementor-element-66867a3 elementor-align-center elementor-mobile-align-center elementor-widget elementor-widget-button\" data-id=\"66867a3\" data-element_type=\"widget\" data-widget_type=\"button.default\">\n\t\t\t\t<div class=\"elementor-widget-container\">\n\t\t\t\t\t<div class=\"elementor-button-wrapper\">\n\t\t\t<a class=\"elementor-button elementor-button-link elementor-size-md\" href=\"https:\/\/ticket.monster\/fr\/contact\">\n\t\t\t\t\t\t<span class=\"elementor-button-content-wrapper\">\n\t\t\t\t\t\t<span class=\"elementor-button-text\">CONTACTEZ-NOUS<\/span>\n\t\t<\/span>\n\t\t\t\t\t<\/a>\n\t\t<\/div>\n\t\t\t\t<\/div>\n\t\t\t\t<\/div>\n\t\t\t\t<\/div>\n\t\t\t\t\t<\/div>\n\t\t\t\t<\/div>\n\t\t<div class=\"elementor-element elementor-element-af7bb65 e-flex e-con-boxed e-con e-parent\" data-id=\"af7bb65\" data-element_type=\"container\" data-settings=\"{&quot;content_width&quot;:&quot;boxed&quot;}\" data-core-v316-plus=\"true\">\n\t\t\t\t\t<div class=\"e-con-inner\">\n\t\t\t\t\t<\/div>\n\t\t\t\t<\/div>\n\t\t\t\t\t\t\t<\/div>\n\t\t","protected":false},"excerpt":{"rendered":"<p>Nous sommes ticket.monster Nous sommes ticket.monster, une agence flamande de conseil en billetterie et marketing. Nous sommes des Monstres avec des ann\u00e9es d&rsquo;exp\u00e9rience dans le monde de la billetterie et du marketing de base de donn\u00e9es. Avec ticket.monster, vous n&rsquo;avez&#8230;<\/p>\n","protected":false},"author":1,"featured_media":0,"parent":0,"menu_order":0,"comment_status":"closed","ping_status":"closed","template":"","meta":{"_seopress_robots_primary_cat":"","_seopress_titles_title":"%%sitetitle%% %%sep%% Agence flamande de conseil en billetterie et marketing","_seopress_titles_desc":"%%sitetitle%% %%sep%% Nous sommes ticket.monster, une agence flamande de conseil en billetterie et marketing avec des ann\u00e9es d&#039;exp\u00e9rience dans le monde de la billetterie et du marketing de base de donn\u00e9es. Vous avez besoin d&#039;aide pour mettre en place la vente de billets pour votre \u00e9v\u00e9nement ? Contactez-nous rapidement et nous en discuterons ensemble ! Today, Tomorrow, Together.","_seopress_robots_index":"","footnotes":""},"class_list":["post-3471","page","type-page","status-publish","hentry"],"_links":{"self":[{"href":"https:\/\/ticket.monster\/fr\/wp-json\/wp\/v2\/pages\/3471","targetHints":{"allow":["GET"]}}],"collection":[{"href":"https:\/\/ticket.monster\/fr\/wp-json\/wp\/v2\/pages"}],"about":[{"href":"https:\/\/ticket.monster\/fr\/wp-json\/wp\/v2\/types\/page"}],"author":[{"embeddable":true,"href":"https:\/\/ticket.monster\/fr\/wp-json\/wp\/v2\/users\/1"}],"replies":[{"embeddable":true,"href":"https:\/\/ticket.monster\/fr\/wp-json\/wp\/v2\/comments?post=3471"}],"version-history":[{"count":8,"href":"https:\/\/ticket.monster\/fr\/wp-json\/wp\/v2\/pages\/3471\/revisions"}],"predecessor-version":[{"id":3686,"href":"https:\/\/ticket.monster\/fr\/wp-json\/wp\/v2\/pages\/3471\/revisions\/3686"}],"wp:attachment":[{"href":"https:\/\/ticket.monster\/fr\/wp-json\/wp\/v2\/media?parent=3471"}],"curies":[{"name":"wp","href":"https:\/\/api.w.org\/{rel}","templated":true}]}}