{"id":3480,"date":"2016-11-07T12:02:55","date_gmt":"2016-11-07T12:02:55","guid":{"rendered":"https:\/\/ticket.monster\/pour-qui\/"},"modified":"2023-12-14T08:20:29","modified_gmt":"2023-12-14T08:20:29","slug":"pour-qui","status":"publish","type":"page","link":"https:\/\/ticket.monster\/fr\/pour-qui\/","title":{"rendered":"Pour Qui"},"content":{"rendered":"\t\t<div data-elementor-type=\"wp-page\" data-elementor-id=\"3480\" class=\"elementor elementor-3480 elementor-2495\">\n\t\t\t\t\t\t\t<div class=\"elementor-element elementor-element-6dd35c2 e-flex e-con-boxed e-con e-parent\" data-id=\"6dd35c2\" data-element_type=\"container\" data-settings=\"{&quot;content_width&quot;:&quot;boxed&quot;}\" data-core-v316-plus=\"true\">\n\t\t\t\t\t<div class=\"e-con-inner\">\n\t\t<div class=\"elementor-element elementor-element-70fd873 e-con-full e-flex e-con e-child\" data-id=\"70fd873\" data-element_type=\"container\" data-settings=\"{&quot;content_width&quot;:&quot;full&quot;}\">\n\t\t\t\t<div class=\"elementor-element elementor-element-c6a5eb2 elementor-widget elementor-widget-heading\" data-id=\"c6a5eb2\" data-element_type=\"widget\" data-widget_type=\"heading.default\">\n\t\t\t\t<div class=\"elementor-widget-container\">\n\t\t\t<style>\/*! elementor - v3.18.0 - 20-12-2023 *\/\n.elementor-heading-title{padding:0;margin:0;line-height:1}.elementor-widget-heading .elementor-heading-title[class*=elementor-size-]>a{color:inherit;font-size:inherit;line-height:inherit}.elementor-widget-heading .elementor-heading-title.elementor-size-small{font-size:15px}.elementor-widget-heading .elementor-heading-title.elementor-size-medium{font-size:19px}.elementor-widget-heading .elementor-heading-title.elementor-size-large{font-size:29px}.elementor-widget-heading .elementor-heading-title.elementor-size-xl{font-size:39px}.elementor-widget-heading .elementor-heading-title.elementor-size-xxl{font-size:59px}<\/style><h2 class=\"elementor-heading-title elementor-size-default\">FESTIVALS<\/h2>\t\t<\/div>\n\t\t\t\t<\/div>\n\t\t\t\t<div class=\"elementor-element elementor-element-acce899 elementor-widget elementor-widget-image\" data-id=\"acce899\" data-element_type=\"widget\" data-widget_type=\"image.default\">\n\t\t\t\t<div class=\"elementor-widget-container\">\n\t\t\t<style>\/*! elementor - v3.18.0 - 20-12-2023 *\/\n.elementor-widget-image{text-align:center}.elementor-widget-image a{display:inline-block}.elementor-widget-image a img[src$=\".svg\"]{width:48px}.elementor-widget-image img{vertical-align:middle;display:inline-block}<\/style>\t\t\t\t\t\t\t\t\t\t\t\t<img fetchpriority=\"high\" decoding=\"async\" width=\"900\" height=\"600\" src=\"https:\/\/ticket.monster\/wp-content\/uploads\/2023\/11\/concert-1-1024x683.jpg\" class=\"attachment-large size-large wp-image-2725\" alt=\"\" srcset=\"https:\/\/ticket.monster\/wp-content\/uploads\/2023\/11\/concert-1-1024x683.jpg 1024w, https:\/\/ticket.monster\/wp-content\/uploads\/2023\/11\/concert-1-300x200.jpg 300w, https:\/\/ticket.monster\/wp-content\/uploads\/2023\/11\/concert-1-768x512.jpg 768w, https:\/\/ticket.monster\/wp-content\/uploads\/2023\/11\/concert-1-1536x1024.jpg 1536w, https:\/\/ticket.monster\/wp-content\/uploads\/2023\/11\/concert-1-2048x1365.jpg 2048w\" sizes=\"(max-width: 900px) 100vw, 900px\" \/>\t\t\t\t\t\t\t\t\t\t\t\t\t\t\t<\/div>\n\t\t\t\t<\/div>\n\t\t\t\t<div class=\"elementor-element elementor-element-ae90b9d elementor-widget elementor-widget-text-editor\" data-id=\"ae90b9d\" data-element_type=\"widget\" data-widget_type=\"text-editor.default\">\n\t\t\t\t<div class=\"elementor-widget-container\">\n\t\t\t<style>\/*! elementor - v3.18.0 - 20-12-2023 *\/\n.elementor-widget-text-editor.elementor-drop-cap-view-stacked .elementor-drop-cap{background-color:#69727d;color:#fff}.elementor-widget-text-editor.elementor-drop-cap-view-framed .elementor-drop-cap{color:#69727d;border:3px solid;background-color:transparent}.elementor-widget-text-editor:not(.elementor-drop-cap-view-default) .elementor-drop-cap{margin-top:8px}.elementor-widget-text-editor:not(.elementor-drop-cap-view-default) .elementor-drop-cap-letter{width:1em;height:1em}.elementor-widget-text-editor .elementor-drop-cap{float:left;text-align:center;line-height:1;font-size:50px}.elementor-widget-text-editor .elementor-drop-cap-letter{display:inline-block}<\/style>\t\t\t\t<h5 style=\"text-align: center;\">Festivals : l&rsquo;endroit o\u00f9 il faut \u00eatre pendant les mois d&rsquo;\u00e9t\u00e9, le beau temps, les groupes de musique en d\u00e9lire : c&rsquo;est vraiment l&rsquo;environnement dans lequel ticket.monster se sent chez lui. . Early birds, pr\u00e9ventes, VIP, combis : nous faisons tout cela.<br \/>Nous nous occupons de la vente des billets et du contr\u00f4le d&rsquo;acc\u00e8s \u00e0 votre festival du d\u00e9but \u00e0 la fin.<\/h5>\n<h5 style=\"text-align: center;\">\u00c7a vous para\u00eet bien ? \ud83d\ude09 Parlons-en !<\/h5>\n\t\t\t\t\t\t<\/div>\n\t\t\t\t<\/div>\n\t\t\t\t<\/div>\n\t\t<div class=\"elementor-element elementor-element-ff5b45c e-con-full e-flex e-con e-child\" data-id=\"ff5b45c\" data-element_type=\"container\" data-settings=\"{&quot;content_width&quot;:&quot;full&quot;}\">\n\t\t\t\t<div class=\"elementor-element elementor-element-fd6a6c7 elementor-widget elementor-widget-heading\" data-id=\"fd6a6c7\" data-element_type=\"widget\" data-widget_type=\"heading.default\">\n\t\t\t\t<div class=\"elementor-widget-container\">\n\t\t\t<h2 class=\"elementor-heading-title elementor-size-default\">TH\u00c9\u00c2TRES ET CONCERTS<\/h2>\t\t<\/div>\n\t\t\t\t<\/div>\n\t\t\t\t<div class=\"elementor-element elementor-element-4e5cd1a elementor-widget elementor-widget-image\" data-id=\"4e5cd1a\" data-element_type=\"widget\" data-widget_type=\"image.default\">\n\t\t\t\t<div class=\"elementor-widget-container\">\n\t\t\t\t\t\t\t\t\t\t\t\t\t\t\t<img decoding=\"async\" width=\"900\" height=\"600\" src=\"https:\/\/ticket.monster\/wp-content\/uploads\/2023\/11\/theater-1024x683.jpg\" class=\"attachment-large size-large wp-image-2743\" alt=\"\" srcset=\"https:\/\/ticket.monster\/wp-content\/uploads\/2023\/11\/theater-1024x683.jpg 1024w, https:\/\/ticket.monster\/wp-content\/uploads\/2023\/11\/theater-300x200.jpg 300w, https:\/\/ticket.monster\/wp-content\/uploads\/2023\/11\/theater-768x512.jpg 768w, https:\/\/ticket.monster\/wp-content\/uploads\/2023\/11\/theater-1536x1024.jpg 1536w, https:\/\/ticket.monster\/wp-content\/uploads\/2023\/11\/theater-2048x1365.jpg 2048w\" sizes=\"(max-width: 900px) 100vw, 900px\" \/>\t\t\t\t\t\t\t\t\t\t\t\t\t\t\t<\/div>\n\t\t\t\t<\/div>\n\t\t\t\t<div class=\"elementor-element elementor-element-836d5d2 elementor-widget elementor-widget-text-editor\" data-id=\"836d5d2\" data-element_type=\"widget\" data-widget_type=\"text-editor.default\">\n\t\t\t\t<div class=\"elementor-widget-container\">\n\t\t\t\t\t\t\t<h5 style=\"text-align: center;\">Le rideau final ? Plut\u00f4t un groupe de rock bruyant ? Ou bien vous organisez la f\u00eate de la jeunesse locale ? Concerts avec ou sans plan de salle, expositions, f\u00eates de jeunes, spectacles de danse, \u00e9v\u00e9nements pour des associations ou des clubs, laissez ticket.monster vous aider avec la vente de billets.<\/h5>\n<h5 style=\"text-align: center;\">Nos Monstres sont des experts en \u00e9v\u00e9nements assis, et les plans de salle sont recr\u00e9\u00e9s dans les moindres d\u00e9tails.<\/h5>\n\t\t\t\t\t\t<\/div>\n\t\t\t\t<\/div>\n\t\t\t\t<\/div>\n\t\t<div class=\"elementor-element elementor-element-1a0dd92 e-con-full e-flex e-con e-child\" data-id=\"1a0dd92\" data-element_type=\"container\" data-settings=\"{&quot;content_width&quot;:&quot;full&quot;}\">\n\t\t\t\t<div class=\"elementor-element elementor-element-db77fce elementor-widget elementor-widget-heading\" data-id=\"db77fce\" data-element_type=\"widget\" data-widget_type=\"heading.default\">\n\t\t\t\t<div class=\"elementor-widget-container\">\n\t\t\t<h2 class=\"elementor-heading-title elementor-size-default\">SALONS &amp; EXPOSITIONS<\/h2>\t\t<\/div>\n\t\t\t\t<\/div>\n\t\t\t\t<div class=\"elementor-element elementor-element-62d8b77 elementor-widget elementor-widget-image\" data-id=\"62d8b77\" data-element_type=\"widget\" data-widget_type=\"image.default\">\n\t\t\t\t<div class=\"elementor-widget-container\">\n\t\t\t\t\t\t\t\t\t\t\t\t\t\t\t<img decoding=\"async\" width=\"900\" height=\"603\" src=\"https:\/\/ticket.monster\/wp-content\/uploads\/2023\/11\/Tradeshow.png\" class=\"attachment-large size-large wp-image-2728\" alt=\"\" srcset=\"https:\/\/ticket.monster\/wp-content\/uploads\/2023\/11\/Tradeshow.png 980w, https:\/\/ticket.monster\/wp-content\/uploads\/2023\/11\/Tradeshow-300x201.png 300w, https:\/\/ticket.monster\/wp-content\/uploads\/2023\/11\/Tradeshow-768x515.png 768w\" sizes=\"(max-width: 900px) 100vw, 900px\" \/>\t\t\t\t\t\t\t\t\t\t\t\t\t\t\t<\/div>\n\t\t\t\t<\/div>\n\t\t\t\t<div class=\"elementor-element elementor-element-eec9567 elementor-widget elementor-widget-text-editor\" data-id=\"eec9567\" data-element_type=\"widget\" data-widget_type=\"text-editor.default\">\n\t\t\t\t<div class=\"elementor-widget-container\">\n\t\t\t\t\t\t\t<h5 style=\"text-align: center;\">Ticket.monster est le bon choix pour les salons et les expositions : la vente de billets combin\u00e9e aux inscriptions et \u00e0 l&rsquo;invitation d&rsquo;invit\u00e9s.<\/h5>\n<h5 style=\"text-align: center;\">Permettez aux exposants d&rsquo;inviter eux-m\u00eames leurs invit\u00e9s, de travailler avec des codes uniques et d&rsquo;imprimer des badges suppl\u00e9mentaires directement sur le salon.<\/h5>\n<h5 style=\"text-align: center;\">Cr\u00e9neaux horaires, enqu\u00eates, etc. les possibilit\u00e9s sont infinies pour faire de votre salon un succ\u00e8s !<\/h5>\n\t\t\t\t\t\t<\/div>\n\t\t\t\t<\/div>\n\t\t\t\t<\/div>\n\t\t<div class=\"elementor-element elementor-element-2b18099 e-con-full e-flex e-con e-child\" data-id=\"2b18099\" data-element_type=\"container\" data-settings=\"{&quot;content_width&quot;:&quot;full&quot;}\">\n\t\t\t\t<div class=\"elementor-element elementor-element-112b065 elementor-widget elementor-widget-heading\" data-id=\"112b065\" data-element_type=\"widget\" data-widget_type=\"heading.default\">\n\t\t\t\t<div class=\"elementor-widget-container\">\n\t\t\t<h3 class=\"elementor-heading-title elementor-size-default\">PARCS D'ATTRACTIONS ET MUS\u00c9ES<\/h3>\t\t<\/div>\n\t\t\t\t<\/div>\n\t\t\t\t<div class=\"elementor-element elementor-element-a37f721 elementor-widget elementor-widget-image\" data-id=\"a37f721\" data-element_type=\"widget\" data-widget_type=\"image.default\">\n\t\t\t\t<div class=\"elementor-widget-container\">\n\t\t\t\t\t\t\t\t\t\t\t\t\t\t\t<img loading=\"lazy\" decoding=\"async\" width=\"900\" height=\"600\" src=\"https:\/\/ticket.monster\/wp-content\/uploads\/2023\/11\/museum-1024x683.jpg\" class=\"attachment-large size-large wp-image-2737\" alt=\"\" srcset=\"https:\/\/ticket.monster\/wp-content\/uploads\/2023\/11\/museum-1024x683.jpg 1024w, https:\/\/ticket.monster\/wp-content\/uploads\/2023\/11\/museum-300x200.jpg 300w, https:\/\/ticket.monster\/wp-content\/uploads\/2023\/11\/museum-768x512.jpg 768w, https:\/\/ticket.monster\/wp-content\/uploads\/2023\/11\/museum-1536x1024.jpg 1536w, https:\/\/ticket.monster\/wp-content\/uploads\/2023\/11\/museum-2048x1365.jpg 2048w\" sizes=\"(max-width: 900px) 100vw, 900px\" \/>\t\t\t\t\t\t\t\t\t\t\t\t\t\t\t<\/div>\n\t\t\t\t<\/div>\n\t\t\t\t<div class=\"elementor-element elementor-element-b635def elementor-widget elementor-widget-text-editor\" data-id=\"b635def\" data-element_type=\"widget\" data-widget_type=\"text-editor.default\">\n\t\t\t\t<div class=\"elementor-widget-container\">\n\t\t\t\t\t\t\t<h5 style=\"text-align: center;\">Un \u00e9v\u00e9nement sp\u00e9cial dans votre parc d&rsquo;attractions ? Ou avez-vous besoin de billets pour emmener des amateurs d&rsquo;art voir une nouvelle exposition au mus\u00e9e ?<\/h5>\n<h5 style=\"text-align: center;\">Tout commence par votre id\u00e9e, et nous nous occupons du reste. Ensemble, nous trouverons la bonne solution pour que tout se passe bien.<\/h5>\n<h5 style=\"text-align: center;\">Ticket.monster est un partenaire des parcs d&rsquo;attractions et des mus\u00e9es depuis plusieurs ann\u00e9es.<\/h5>\n\t\t\t\t\t\t<\/div>\n\t\t\t\t<\/div>\n\t\t\t\t<\/div>\n\t\t\t\t\t<\/div>\n\t\t\t\t<\/div>\n\t\t<div class=\"elementor-element elementor-element-304adb9 e-flex e-con-boxed e-con e-parent\" data-id=\"304adb9\" data-element_type=\"container\" data-settings=\"{&quot;content_width&quot;:&quot;boxed&quot;}\" data-core-v316-plus=\"true\">\n\t\t\t\t\t<div class=\"e-con-inner\">\n\t\t<div class=\"elementor-element elementor-element-6bcc984 e-con-full e-flex e-con e-child\" data-id=\"6bcc984\" data-element_type=\"container\" data-settings=\"{&quot;content_width&quot;:&quot;full&quot;}\">\n\t\t\t\t<div class=\"elementor-element elementor-element-ebcbbc3 elementor-widget elementor-widget-heading\" data-id=\"ebcbbc3\" data-element_type=\"widget\" data-widget_type=\"heading.default\">\n\t\t\t\t<div class=\"elementor-widget-container\">\n\t\t\t<h2 class=\"elementor-heading-title elementor-size-default\">\u00c9V\u00c9NEMENTS EN STREAMING<\/h2>\t\t<\/div>\n\t\t\t\t<\/div>\n\t\t\t\t<div class=\"elementor-element elementor-element-bbb5598 elementor-widget elementor-widget-image\" data-id=\"bbb5598\" data-element_type=\"widget\" data-widget_type=\"image.default\">\n\t\t\t\t<div class=\"elementor-widget-container\">\n\t\t\t\t\t\t\t\t\t\t\t\t\t\t\t<img loading=\"lazy\" decoding=\"async\" width=\"900\" height=\"620\" src=\"https:\/\/ticket.monster\/wp-content\/uploads\/2023\/11\/streaming-1024x705.jpg\" class=\"attachment-large size-large wp-image-2734\" alt=\"\" srcset=\"https:\/\/ticket.monster\/wp-content\/uploads\/2023\/11\/streaming-1024x705.jpg 1024w, https:\/\/ticket.monster\/wp-content\/uploads\/2023\/11\/streaming-300x206.jpg 300w, https:\/\/ticket.monster\/wp-content\/uploads\/2023\/11\/streaming-768x528.jpg 768w, https:\/\/ticket.monster\/wp-content\/uploads\/2023\/11\/streaming-1536x1057.jpg 1536w, https:\/\/ticket.monster\/wp-content\/uploads\/2023\/11\/streaming-2048x1409.jpg 2048w\" sizes=\"(max-width: 900px) 100vw, 900px\" \/>\t\t\t\t\t\t\t\t\t\t\t\t\t\t\t<\/div>\n\t\t\t\t<\/div>\n\t\t\t\t<div class=\"elementor-element elementor-element-c1247b6 elementor-widget elementor-widget-text-editor\" data-id=\"c1247b6\" data-element_type=\"widget\" data-widget_type=\"text-editor.default\">\n\t\t\t\t<div class=\"elementor-widget-container\">\n\t\t\t\t\t\t\t<h5 style=\"text-align: center;\">Vous organisez des \u00e9v\u00e9nements en ligne et le streaming n&rsquo;a plus de secret pour vous et votre public cible ? Qu&rsquo;il s&rsquo;agisse d&rsquo;un concert, d&rsquo;un tournoi E-sports ou d&rsquo;une conf\u00e9rence, laissez faire nos Monstres. Nous veillons \u00e0 ce que tous les participants re\u00e7oivent leur lien personnalis\u00e9 qui les m\u00e8ne directement au streaming. Mener \u00e0 bien votre \u00e9v\u00e9nement de streaming, c&rsquo;est notre travail, et c&rsquo;est un souci de moins pour vous !<\/h5>\n\t\t\t\t\t\t<\/div>\n\t\t\t\t<\/div>\n\t\t\t\t<\/div>\n\t\t<div class=\"elementor-element elementor-element-7a88024 e-con-full e-flex e-con e-child\" data-id=\"7a88024\" data-element_type=\"container\" data-settings=\"{&quot;content_width&quot;:&quot;full&quot;}\">\n\t\t\t\t<div class=\"elementor-element elementor-element-8c4e144 elementor-widget elementor-widget-heading\" data-id=\"8c4e144\" data-element_type=\"widget\" data-widget_type=\"heading.default\">\n\t\t\t\t<div class=\"elementor-widget-container\">\n\t\t\t<h2 class=\"elementor-heading-title elementor-size-default\">CLUBS DE SPORT<\/h2>\t\t<\/div>\n\t\t\t\t<\/div>\n\t\t\t\t<div class=\"elementor-element elementor-element-334f8b0 elementor-widget elementor-widget-image\" data-id=\"334f8b0\" data-element_type=\"widget\" data-widget_type=\"image.default\">\n\t\t\t\t<div class=\"elementor-widget-container\">\n\t\t\t\t\t\t\t\t\t\t\t\t\t\t\t<img loading=\"lazy\" decoding=\"async\" width=\"900\" height=\"600\" src=\"https:\/\/ticket.monster\/wp-content\/uploads\/2023\/11\/soccer-1024x683.jpg\" class=\"attachment-large size-large wp-image-2731\" alt=\"\" srcset=\"https:\/\/ticket.monster\/wp-content\/uploads\/2023\/11\/soccer-1024x683.jpg 1024w, https:\/\/ticket.monster\/wp-content\/uploads\/2023\/11\/soccer-300x200.jpg 300w, https:\/\/ticket.monster\/wp-content\/uploads\/2023\/11\/soccer-768x512.jpg 768w, https:\/\/ticket.monster\/wp-content\/uploads\/2023\/11\/soccer-1536x1024.jpg 1536w, https:\/\/ticket.monster\/wp-content\/uploads\/2023\/11\/soccer-2048x1365.jpg 2048w\" sizes=\"(max-width: 900px) 100vw, 900px\" \/>\t\t\t\t\t\t\t\t\t\t\t\t\t\t\t<\/div>\n\t\t\t\t<\/div>\n\t\t\t\t<div class=\"elementor-element elementor-element-eb753ec elementor-widget elementor-widget-text-editor\" data-id=\"eb753ec\" data-element_type=\"widget\" data-widget_type=\"text-editor.default\">\n\t\t\t\t<div class=\"elementor-widget-container\">\n\t\t\t\t\t\t\t<h5 style=\"text-align: center;\">Vous avez besoin d&rsquo;un syst\u00e8me de billetterie pour votre \u00e9quipe ou votre association locale ? L\u00e0 aussi, ticket.monster a la solution qu&rsquo;il vous faut !<\/h5>\n<h5 style=\"text-align: center;\">Qu&rsquo;il s&rsquo;agisse de billets de match uniques ou d&rsquo;abonnements pour toute une saison, avec ou sans plan de salle; ticket.monster est votre partenaire pour y parvenir !<\/h5>\t\t\t\t\t\t<\/div>\n\t\t\t\t<\/div>\n\t\t\t\t<\/div>\n\t\t\t\t\t<\/div>\n\t\t\t\t<\/div>\n\t\t<div class=\"elementor-element elementor-element-3e181f3 e-flex e-con-boxed e-con e-parent\" data-id=\"3e181f3\" data-element_type=\"container\" data-settings=\"{&quot;content_width&quot;:&quot;boxed&quot;}\" data-core-v316-plus=\"true\">\n\t\t\t\t\t<div class=\"e-con-inner\">\n\t\t\t\t<div class=\"elementor-element elementor-element-915d104 elementor-widget elementor-widget-text-editor\" data-id=\"915d104\" data-element_type=\"widget\" data-widget_type=\"text-editor.default\">\n\t\t\t\t<div class=\"elementor-widget-container\">\n\t\t\t\t\t\t\t<h2 style=\"text-align: center;\"><span style=\"color: #ffffff;\">Votre type d&rsquo;\u00e9v\u00e9nement n&rsquo;est pas list\u00e9 ?<br \/>Pas de soucis, contactez-nous et nous \u00e9tudierons ensemble les possibilit\u00e9s.<\/span><\/h2>\n\t\t\t\t\t\t<\/div>\n\t\t\t\t<\/div>\n\t\t\t\t<div class=\"elementor-element elementor-element-e05bccf elementor-absolute e-transform elementor-hidden-tablet elementor-hidden-mobile elementor-widget elementor-widget-image\" data-id=\"e05bccf\" data-element_type=\"widget\" data-settings=\"{&quot;_position&quot;:&quot;absolute&quot;,&quot;_transform_rotateZ_effect&quot;:{&quot;unit&quot;:&quot;px&quot;,&quot;size&quot;:-13,&quot;sizes&quot;:[]},&quot;_transform_rotateZ_effect_tablet&quot;:{&quot;unit&quot;:&quot;deg&quot;,&quot;size&quot;:&quot;&quot;,&quot;sizes&quot;:[]},&quot;_transform_rotateZ_effect_mobile&quot;:{&quot;unit&quot;:&quot;deg&quot;,&quot;size&quot;:&quot;&quot;,&quot;sizes&quot;:[]}}\" data-widget_type=\"image.default\">\n\t\t\t\t<div class=\"elementor-widget-container\">\n\t\t\t\t\t\t\t\t\t\t\t\t\t\t\t<img decoding=\"async\" src=\"https:\/\/ticket.monster\/wp-content\/uploads\/elementor\/thumbs\/TICKET_MONSTER_LOGO-06-Transp-Wit-qf3o3jfsmaomw5kragktptu43rwxy2fs2s4x1nm38o.png\" title=\"TICKET_MONSTER_LOGO-06 &#8211; Transp &#8211; Wit\" alt=\"TICKET_MONSTER_LOGO-06 - Transp - Wit\" loading=\"lazy\" \/>\t\t\t\t\t\t\t\t\t\t\t\t\t\t\t<\/div>\n\t\t\t\t<\/div>\n\t\t\t\t<div class=\"elementor-element elementor-element-bfb7bee elementor-align-center elementor-widget elementor-widget-button\" data-id=\"bfb7bee\" data-element_type=\"widget\" data-widget_type=\"button.default\">\n\t\t\t\t<div class=\"elementor-widget-container\">\n\t\t\t\t\t<div class=\"elementor-button-wrapper\">\n\t\t\t<a class=\"elementor-button elementor-button-link elementor-size-md\" href=\"https:\/\/ticket.monster\/fr\/contact\">\n\t\t\t\t\t\t<span class=\"elementor-button-content-wrapper\">\n\t\t\t\t\t\t<span class=\"elementor-button-text\">CONTACTEZ-NOUS<\/span>\n\t\t<\/span>\n\t\t\t\t\t<\/a>\n\t\t<\/div>\n\t\t\t\t<\/div>\n\t\t\t\t<\/div>\n\t\t\t\t\t<\/div>\n\t\t\t\t<\/div>\n\t\t\t\t\t\t\t<\/div>\n\t\t","protected":false},"excerpt":{"rendered":"<p>FESTIVALS Festivals : l&rsquo;endroit o\u00f9 il faut \u00eatre pendant les mois d&rsquo;\u00e9t\u00e9, le beau temps, les groupes de musique en d\u00e9lire : c&rsquo;est vraiment l&rsquo;environnement dans lequel ticket.monster se sent chez lui. . Early birds, pr\u00e9ventes, VIP, combis : nous&#8230;<\/p>\n","protected":false},"author":1,"featured_media":0,"parent":0,"menu_order":0,"comment_status":"closed","ping_status":"closed","template":"","meta":{"_seopress_robots_primary_cat":"","_seopress_titles_title":"%%sitetitle%% %%sep%% Nous op\u00e9rons dans de multiples secteurs tels que les festivals, les concerts, les salons, etc.","_seopress_titles_desc":"%%sitetitle%% %%sep%% Vous aimez les festivals ? Plut\u00f4t un bon concert ? Vous organisez une f\u00eate locale pour les jeunes ou une m\u00e9ga-foire ? Nous sommes des Monstres avec des ann\u00e9es d&#039;exp\u00e9rience ! Avec ticket.monster, vous avez un partenaire qui vous conseille \u00e9galement sur la mani\u00e8re d&#039;optimiser vos activit\u00e9s. Contactez-nous pour que votre prochain \u00e9v\u00e9nement soit un succ\u00e8s ! Today, Tomorrow, Together.","_seopress_robots_index":"","footnotes":""},"class_list":["post-3480","page","type-page","status-publish","hentry"],"_links":{"self":[{"href":"https:\/\/ticket.monster\/fr\/wp-json\/wp\/v2\/pages\/3480","targetHints":{"allow":["GET"]}}],"collection":[{"href":"https:\/\/ticket.monster\/fr\/wp-json\/wp\/v2\/pages"}],"about":[{"href":"https:\/\/ticket.monster\/fr\/wp-json\/wp\/v2\/types\/page"}],"author":[{"embeddable":true,"href":"https:\/\/ticket.monster\/fr\/wp-json\/wp\/v2\/users\/1"}],"replies":[{"embeddable":true,"href":"https:\/\/ticket.monster\/fr\/wp-json\/wp\/v2\/comments?post=3480"}],"version-history":[{"count":11,"href":"https:\/\/ticket.monster\/fr\/wp-json\/wp\/v2\/pages\/3480\/revisions"}],"predecessor-version":[{"id":3696,"href":"https:\/\/ticket.monster\/fr\/wp-json\/wp\/v2\/pages\/3480\/revisions\/3696"}],"wp:attachment":[{"href":"https:\/\/ticket.monster\/fr\/wp-json\/wp\/v2\/media?parent=3480"}],"curies":[{"name":"wp","href":"https:\/\/api.w.org\/{rel}","templated":true}]}}