{"id":3482,"date":"2023-11-07T14:12:38","date_gmt":"2023-11-07T14:12:38","guid":{"rendered":"https:\/\/ticket.monster\/prix\/"},"modified":"2023-12-14T08:21:38","modified_gmt":"2023-12-14T08:21:38","slug":"prix","status":"publish","type":"page","link":"https:\/\/ticket.monster\/fr\/prix\/","title":{"rendered":"Prix"},"content":{"rendered":"\t\t<div data-elementor-type=\"wp-page\" data-elementor-id=\"3482\" class=\"elementor elementor-3482 elementor-2560\">\n\t\t\t\t\t\t\t<div class=\"elementor-element elementor-element-39cb06c e-flex e-con-boxed e-con e-parent\" data-id=\"39cb06c\" data-element_type=\"container\" data-settings=\"{&quot;content_width&quot;:&quot;boxed&quot;}\" data-core-v316-plus=\"true\">\n\t\t\t\t\t<div class=\"e-con-inner\">\n\t\t\t\t<div class=\"elementor-element elementor-element-e0a6018 elementor-widget elementor-widget-heading\" data-id=\"e0a6018\" data-element_type=\"widget\" data-widget_type=\"heading.default\">\n\t\t\t\t<div class=\"elementor-widget-container\">\n\t\t\t<style>\/*! elementor - v3.18.0 - 20-12-2023 *\/\n.elementor-heading-title{padding:0;margin:0;line-height:1}.elementor-widget-heading .elementor-heading-title[class*=elementor-size-]>a{color:inherit;font-size:inherit;line-height:inherit}.elementor-widget-heading .elementor-heading-title.elementor-size-small{font-size:15px}.elementor-widget-heading .elementor-heading-title.elementor-size-medium{font-size:19px}.elementor-widget-heading .elementor-heading-title.elementor-size-large{font-size:29px}.elementor-widget-heading .elementor-heading-title.elementor-size-xl{font-size:39px}.elementor-widget-heading .elementor-heading-title.elementor-size-xxl{font-size:59px}<\/style><h1 class=\"elementor-heading-title elementor-size-default\">\u00c0 partir de \u20ac0,70 + 1%*\nde co\u00fbt de service par ticket<\/h1>\t\t<\/div>\n\t\t\t\t<\/div>\n\t\t\t\t\t<\/div>\n\t\t\t\t<\/div>\n\t\t<div class=\"elementor-element elementor-element-4a21497 e-flex e-con-boxed e-con e-parent\" data-id=\"4a21497\" data-element_type=\"container\" data-settings=\"{&quot;content_width&quot;:&quot;boxed&quot;}\" data-core-v316-plus=\"true\">\n\t\t\t\t\t<div class=\"e-con-inner\">\n\t\t\t\t<div class=\"elementor-element elementor-element-77bed4d elementor-widget elementor-widget-heading\" data-id=\"77bed4d\" data-element_type=\"widget\" data-widget_type=\"heading.default\">\n\t\t\t\t<div class=\"elementor-widget-container\">\n\t\t\t<h2 class=\"elementor-heading-title elementor-size-default\">Prix Tout Compris<\/h2>\t\t<\/div>\n\t\t\t\t<\/div>\n\t\t\t\t<div class=\"elementor-element elementor-element-b636450 elementor-widget elementor-widget-text-editor\" data-id=\"b636450\" data-element_type=\"widget\" data-widget_type=\"text-editor.default\">\n\t\t\t\t<div class=\"elementor-widget-container\">\n\t\t\t<style>\/*! elementor - v3.18.0 - 20-12-2023 *\/\n.elementor-widget-text-editor.elementor-drop-cap-view-stacked .elementor-drop-cap{background-color:#69727d;color:#fff}.elementor-widget-text-editor.elementor-drop-cap-view-framed .elementor-drop-cap{color:#69727d;border:3px solid;background-color:transparent}.elementor-widget-text-editor:not(.elementor-drop-cap-view-default) .elementor-drop-cap{margin-top:8px}.elementor-widget-text-editor:not(.elementor-drop-cap-view-default) .elementor-drop-cap-letter{width:1em;height:1em}.elementor-widget-text-editor .elementor-drop-cap{float:left;text-align:center;line-height:1;font-size:50px}.elementor-widget-text-editor .elementor-drop-cap-letter{display:inline-block}<\/style>\t\t\t\t<h5 style=\"text-align: center;\"><span style=\"color: #ffffff;\">Y compris les frais de transaction Bancontact\/Payconiq, Ideal<\/span><\/h5>\n<h5 style=\"text-align: center;\"><span style=\"color: #ffffff;\">Inclut le service d&rsquo;assistance fourni par ticket.monster<\/span><\/h5>\n<h5 style=\"text-align: center;\"><span style=\"color: #ffffff;\">Sans contrat ni frais de d\u00e9marrage<\/span><\/h5>\n<p style=\"text-align: center;\"><span style=\"color: #ffffff;\">*les prix sont hors TVA<br \/>*plus de 2 500 billets ou des questions sp\u00e9cifiques, demandez un devis personnalis\u00e9.<\/span><\/p>\n\t\t\t\t\t\t<\/div>\n\t\t\t\t<\/div>\n\t\t\t\t\t<\/div>\n\t\t\t\t<\/div>\n\t\t<div class=\"elementor-element elementor-element-6b4fb0b e-flex e-con-boxed e-con e-parent\" data-id=\"6b4fb0b\" data-element_type=\"container\" data-settings=\"{&quot;content_width&quot;:&quot;boxed&quot;}\" data-core-v316-plus=\"true\">\n\t\t\t\t\t<div class=\"e-con-inner\">\n\t\t\t\t<div class=\"elementor-element elementor-element-3d61046 elementor-widget elementor-widget-heading\" data-id=\"3d61046\" data-element_type=\"widget\" data-widget_type=\"heading.default\">\n\t\t\t\t<div class=\"elementor-widget-container\">\n\t\t\t<h1 class=\"elementor-heading-title elementor-size-default\">UNE TARIFICATION FACILE POUR TOUS LES \u00c9V\u00c9NEMENTS<\/h1>\t\t<\/div>\n\t\t\t\t<\/div>\n\t\t\t\t\t<\/div>\n\t\t\t\t<\/div>\n\t\t<div class=\"elementor-element elementor-element-0bc24eb e-flex e-con-boxed e-con e-parent\" data-id=\"0bc24eb\" data-element_type=\"container\" data-settings=\"{&quot;content_width&quot;:&quot;boxed&quot;}\" data-core-v316-plus=\"true\">\n\t\t\t\t\t<div class=\"e-con-inner\">\n\t\t<div class=\"elementor-element elementor-element-3faf9d1 e-con-full e-flex e-con e-child\" data-id=\"3faf9d1\" data-element_type=\"container\" data-settings=\"{&quot;content_width&quot;:&quot;full&quot;}\">\n\t\t\t\t<\/div>\n\t\t<div class=\"elementor-element elementor-element-72d77a8 e-con-full e-flex e-con e-child\" data-id=\"72d77a8\" data-element_type=\"container\" data-settings=\"{&quot;content_width&quot;:&quot;full&quot;}\">\n\t\t\t\t<div class=\"elementor-element elementor-element-c7446e3 elementor-invisible elementor-widget elementor-widget-image\" data-id=\"c7446e3\" data-element_type=\"widget\" data-settings=\"{&quot;_animation&quot;:&quot;headShake&quot;}\" data-widget_type=\"image.default\">\n\t\t\t\t<div class=\"elementor-widget-container\">\n\t\t\t<style>\/*! elementor - v3.18.0 - 20-12-2023 *\/\n.elementor-widget-image{text-align:center}.elementor-widget-image a{display:inline-block}.elementor-widget-image a img[src$=\".svg\"]{width:48px}.elementor-widget-image img{vertical-align:middle;display:inline-block}<\/style>\t\t\t\t\t\t\t\t\t\t\t\t<img fetchpriority=\"high\" decoding=\"async\" width=\"900\" height=\"860\" src=\"https:\/\/ticket.monster\/wp-content\/uploads\/2023\/11\/TICKET_MONSTER_LOGO-06-Transp-Wit-1024x979.png\" class=\"attachment-large size-large wp-image-2710\" alt=\"\" srcset=\"https:\/\/ticket.monster\/wp-content\/uploads\/2023\/11\/TICKET_MONSTER_LOGO-06-Transp-Wit-1024x979.png 1024w, https:\/\/ticket.monster\/wp-content\/uploads\/2023\/11\/TICKET_MONSTER_LOGO-06-Transp-Wit-300x287.png 300w, https:\/\/ticket.monster\/wp-content\/uploads\/2023\/11\/TICKET_MONSTER_LOGO-06-Transp-Wit-768x734.png 768w, https:\/\/ticket.monster\/wp-content\/uploads\/2023\/11\/TICKET_MONSTER_LOGO-06-Transp-Wit-1536x1469.png 1536w, https:\/\/ticket.monster\/wp-content\/uploads\/2023\/11\/TICKET_MONSTER_LOGO-06-Transp-Wit-2048x1958.png 2048w\" sizes=\"(max-width: 900px) 100vw, 900px\" \/>\t\t\t\t\t\t\t\t\t\t\t\t\t\t\t<\/div>\n\t\t\t\t<\/div>\n\t\t\t\t<\/div>\n\t\t<div class=\"elementor-element elementor-element-b65a43f e-con-full e-flex e-con e-child\" data-id=\"b65a43f\" data-element_type=\"container\" data-settings=\"{&quot;content_width&quot;:&quot;full&quot;}\">\n\t\t\t\t<\/div>\n\t\t\t\t\t<\/div>\n\t\t\t\t<\/div>\n\t\t<div class=\"elementor-element elementor-element-29c4682 e-flex e-con-boxed e-con e-parent\" data-id=\"29c4682\" data-element_type=\"container\" data-settings=\"{&quot;content_width&quot;:&quot;boxed&quot;}\" data-core-v316-plus=\"true\">\n\t\t\t\t\t<div class=\"e-con-inner\">\n\t\t\t\t<div class=\"elementor-element elementor-element-925cf62 elementor-widget elementor-widget-heading\" data-id=\"925cf62\" data-element_type=\"widget\" data-widget_type=\"heading.default\">\n\t\t\t\t<div class=\"elementor-widget-container\">\n\t\t\t<h1 class=\"elementor-heading-title elementor-size-default\">UTILISEZ TICKET.MONSTER D\u00c8S AUJOURD'HUI<\/h1>\t\t<\/div>\n\t\t\t\t<\/div>\n\t\t\t\t\t<\/div>\n\t\t\t\t<\/div>\n\t\t<div class=\"elementor-element elementor-element-f88cea0 e-flex e-con-boxed e-con e-parent\" data-id=\"f88cea0\" data-element_type=\"container\" data-settings=\"{&quot;content_width&quot;:&quot;boxed&quot;}\" data-core-v316-plus=\"true\">\n\t\t\t\t\t<div class=\"e-con-inner\">\n\t\t<div class=\"elementor-element elementor-element-a46e753 e-con-full e-flex e-con e-child\" data-id=\"a46e753\" data-element_type=\"container\" data-settings=\"{&quot;content_width&quot;:&quot;full&quot;,&quot;background_background&quot;:&quot;classic&quot;}\">\n\t\t\t\t<div class=\"elementor-element elementor-element-ffa681c elementor-widget elementor-widget-heading\" data-id=\"ffa681c\" data-element_type=\"widget\" data-widget_type=\"heading.default\">\n\t\t\t\t<div class=\"elementor-widget-container\">\n\t\t\t<h2 class=\"elementor-heading-title elementor-size-default\">Facturer des frais de traitement<\/h2>\t\t<\/div>\n\t\t\t\t<\/div>\n\t\t\t\t<div class=\"elementor-element elementor-element-01c1592 elementor-widget elementor-widget-text-editor\" data-id=\"01c1592\" data-element_type=\"widget\" data-widget_type=\"text-editor.default\">\n\t\t\t\t<div class=\"elementor-widget-container\">\n\t\t\t\t\t\t\t<h5 style=\"text-align: center;\"><span style=\"color: #ffffff;\">D\u00e9cidez si vous souhaitez r\u00e9percuter les frais de traitement sur l&rsquo;acheteur de billets, ce qui rend l&rsquo;utilisation de la plateforme 100 % gratuite pour vous en tant qu&rsquo;organisateur. Vous pouvez m\u00eame ajouter un petit suppl\u00e9ment.<\/span><\/h5>\n\t\t\t\t\t\t<\/div>\n\t\t\t\t<\/div>\n\t\t\t\t<\/div>\n\t\t<div class=\"elementor-element elementor-element-3d9828c e-con-full e-flex e-con e-child\" data-id=\"3d9828c\" data-element_type=\"container\" data-settings=\"{&quot;content_width&quot;:&quot;full&quot;,&quot;background_background&quot;:&quot;classic&quot;}\">\n\t\t\t\t<div class=\"elementor-element elementor-element-77ddb93 elementor-widget elementor-widget-heading\" data-id=\"77ddb93\" data-element_type=\"widget\" data-widget_type=\"heading.default\">\n\t\t\t\t<div class=\"elementor-widget-container\">\n\t\t\t<h2 class=\"elementor-heading-title elementor-size-default\">Service client multilingue<\/h2>\t\t<\/div>\n\t\t\t\t<\/div>\n\t\t\t\t<div class=\"elementor-element elementor-element-8eb8d67 elementor-widget elementor-widget-text-editor\" data-id=\"8eb8d67\" data-element_type=\"widget\" data-widget_type=\"text-editor.default\">\n\t\t\t\t<div class=\"elementor-widget-container\">\n\t\t\t\t\t\t\t<h5 style=\"text-align: center;\"><span style=\"color: #ffffff;\">Chez ticket.monster, nous vous d\u00e9chargeons. Nous nous occupons de votre service d&rsquo;assistance et vous ne perdez pas de temps pr\u00e9cieux. Nos Monstres parlent plusieurs langues et consid\u00e8rent le service \u00e0 la client\u00e8le comme une priorit\u00e9 !<\/span><\/h5>\n\t\t\t\t\t\t<\/div>\n\t\t\t\t<\/div>\n\t\t\t\t<\/div>\n\t\t<div class=\"elementor-element elementor-element-e35444f e-con-full e-flex e-con e-child\" data-id=\"e35444f\" data-element_type=\"container\" data-settings=\"{&quot;content_width&quot;:&quot;full&quot;,&quot;background_background&quot;:&quot;classic&quot;}\">\n\t\t\t\t<div class=\"elementor-element elementor-element-c4ce71e elementor-widget elementor-widget-heading\" data-id=\"c4ce71e\" data-element_type=\"widget\" data-widget_type=\"heading.default\">\n\t\t\t\t<div class=\"elementor-widget-container\">\n\t\t\t<h2 class=\"elementor-heading-title elementor-size-default\">Scanners professionnels<\/h2>\t\t<\/div>\n\t\t\t\t<\/div>\n\t\t\t\t<div class=\"elementor-element elementor-element-a194ebe elementor-widget elementor-widget-text-editor\" data-id=\"a194ebe\" data-element_type=\"widget\" data-widget_type=\"text-editor.default\">\n\t\t\t\t<div class=\"elementor-widget-container\">\n\t\t\t\t\t\t\t<h5 style=\"text-align: center;\"><span style=\"color: #ffffff;\">Besoin de scanners professionnels pour votre \u00e9v\u00e9nement ? C&rsquo;est possible! Nous vous d\u00e9chargeons de cette t\u00e2che et vous n&rsquo;avez donc pas \u00e0 faire de compromis en mati\u00e8re de s\u00e9curit\u00e9 et de contr\u00f4le.<\/span><\/h5>\n\t\t\t\t\t\t<\/div>\n\t\t\t\t<\/div>\n\t\t\t\t<\/div>\n\t\t<div class=\"elementor-element elementor-element-22da1df e-con-full e-flex e-con e-child\" data-id=\"22da1df\" data-element_type=\"container\" data-settings=\"{&quot;content_width&quot;:&quot;full&quot;,&quot;background_background&quot;:&quot;classic&quot;}\">\n\t\t\t\t<div class=\"elementor-element elementor-element-cf1bc71 elementor-widget elementor-widget-heading\" data-id=\"cf1bc71\" data-element_type=\"widget\" data-widget_type=\"heading.default\">\n\t\t\t\t<div class=\"elementor-widget-container\">\n\t\t\t<h2 class=\"elementor-heading-title elementor-size-default\">Pas de contrat ni de frais de d\u00e9marrage<\/h2>\t\t<\/div>\n\t\t\t\t<\/div>\n\t\t\t\t<div class=\"elementor-element elementor-element-07952fe elementor-widget elementor-widget-text-editor\" data-id=\"07952fe\" data-element_type=\"widget\" data-widget_type=\"text-editor.default\">\n\t\t\t\t<div class=\"elementor-widget-container\">\n\t\t\t\t\t\t\t<h5 style=\"text-align: center;\"><span style=\"color: #ffffff;\">No-nonsense et une transparence absolue, voil\u00e0 ce que repr\u00e9sente ticket.monster. Nous sommes convaincus que la qualit\u00e9 de notre service parle d&rsquo;elle-m\u00eame.<\/span><\/h5>\t\t\t\t\t\t<\/div>\n\t\t\t\t<\/div>\n\t\t\t\t<\/div>\n\t\t\t\t\t<\/div>\n\t\t\t\t<\/div>\n\t\t<div class=\"elementor-element elementor-element-9e15fc1 e-flex e-con-boxed e-con e-parent\" data-id=\"9e15fc1\" data-element_type=\"container\" data-settings=\"{&quot;content_width&quot;:&quot;boxed&quot;}\" data-core-v316-plus=\"true\">\n\t\t\t\t\t<div class=\"e-con-inner\">\n\t\t\t\t<div class=\"elementor-element elementor-element-faee034 elementor-widget elementor-widget-text-editor\" data-id=\"faee034\" data-element_type=\"widget\" data-widget_type=\"text-editor.default\">\n\t\t\t\t<div class=\"elementor-widget-container\">\n\t\t\t\t\t\t\t<h4 style=\"text-align: center;\"><span style=\"color: #ffffff;\">Vous souhaitez un devis personnalis\u00e9 pour un ou plusieurs modules ?<\/span><br \/><span style=\"color: #ffffff;\">Contactez nous \u00e0 l&rsquo;adresse via <a style=\"color: #ffffff;\" href=\"mailto:info@ticket.monster\">info<\/a><a style=\"color: #ffffff;\" href=\"mailto:frederic@ticket.monster\">@ticket.monster<\/a> ou en cliquant sur le bouton ci-dessous.<\/span><\/h4>\n\t\t\t\t\t\t<\/div>\n\t\t\t\t<\/div>\n\t\t\t\t<div class=\"elementor-element elementor-element-9d98a79 elementor-absolute e-transform elementor-widget elementor-widget-image\" data-id=\"9d98a79\" data-element_type=\"widget\" data-settings=\"{&quot;_position&quot;:&quot;absolute&quot;,&quot;_transform_rotateZ_effect&quot;:{&quot;unit&quot;:&quot;px&quot;,&quot;size&quot;:22,&quot;sizes&quot;:[]},&quot;_transform_rotateZ_effect_tablet&quot;:{&quot;unit&quot;:&quot;deg&quot;,&quot;size&quot;:&quot;&quot;,&quot;sizes&quot;:[]},&quot;_transform_rotateZ_effect_mobile&quot;:{&quot;unit&quot;:&quot;deg&quot;,&quot;size&quot;:&quot;&quot;,&quot;sizes&quot;:[]}}\" data-widget_type=\"image.default\">\n\t\t\t\t<div class=\"elementor-widget-container\">\n\t\t\t\t\t\t\t\t\t\t\t\t\t\t\t<img decoding=\"async\" src=\"https:\/\/ticket.monster\/wp-content\/uploads\/elementor\/thumbs\/TICKET_MONSTER_LOGO-06-Transp-Wit-qf3o3jfsmaomw5kragktptu43rwxy2fs2s4x1nm38o.png\" title=\"TICKET_MONSTER_LOGO-06 &#8211; Transp &#8211; Wit\" alt=\"TICKET_MONSTER_LOGO-06 - Transp - Wit\" loading=\"lazy\" \/>\t\t\t\t\t\t\t\t\t\t\t\t\t\t\t<\/div>\n\t\t\t\t<\/div>\n\t\t\t\t<div class=\"elementor-element elementor-element-ff88ec9 elementor-align-center elementor-widget elementor-widget-button\" data-id=\"ff88ec9\" data-element_type=\"widget\" data-widget_type=\"button.default\">\n\t\t\t\t<div class=\"elementor-widget-container\">\n\t\t\t\t\t<div class=\"elementor-button-wrapper\">\n\t\t\t<a class=\"elementor-button elementor-button-link elementor-size-md\" href=\"https:\/\/ticket.monster\/fr\/contact\">\n\t\t\t\t\t\t<span class=\"elementor-button-content-wrapper\">\n\t\t\t\t\t\t<span class=\"elementor-button-text\">CONTACTEZ-NOUS<\/span>\n\t\t<\/span>\n\t\t\t\t\t<\/a>\n\t\t<\/div>\n\t\t\t\t<\/div>\n\t\t\t\t<\/div>\n\t\t\t\t\t<\/div>\n\t\t\t\t<\/div>\n\t\t\t\t\t\t\t<\/div>\n\t\t","protected":false},"excerpt":{"rendered":"<p>\u00c0 partir de \u20ac0,70 + 1%* de co\u00fbt de service par ticket Prix Tout Compris Y compris les frais de transaction Bancontact\/Payconiq, Ideal Inclut le service d&rsquo;assistance fourni par ticket.monster Sans contrat ni frais de d\u00e9marrage *les prix sont hors&#8230;<\/p>\n","protected":false},"author":1,"featured_media":0,"parent":0,"menu_order":0,"comment_status":"closed","ping_status":"closed","template":"","meta":{"_seopress_robots_primary_cat":"","_seopress_titles_title":"%%sitetitle%% %%sep%% Du sur mesure au juste prix pour chaque \u00e9v\u00e9nement","_seopress_titles_desc":"%%sitetitle%% %%sep%% Vous aimez la simplicit\u00e9 et la transparence ? Nous vous proposons un prix tout compris pour votre \u00e9v\u00e9nement ! Pas de contrat ni de frais de d\u00e9marrage, c&#039;est simple et transparent d\u00e8s le d\u00e9part. Utilisez ticket.monster d\u00e8s aujourd&#039;hui et laissez-nous faire de votre \u00e9v\u00e9nement un succ\u00e8s ! Une tarification simple pour tous les \u00e9v\u00e9nements. Contactez-nous rapidement et nous en discuterons ensemble ! Today, Tomorrow, Together.","_seopress_robots_index":"","footnotes":""},"class_list":["post-3482","page","type-page","status-publish","hentry"],"_links":{"self":[{"href":"https:\/\/ticket.monster\/fr\/wp-json\/wp\/v2\/pages\/3482","targetHints":{"allow":["GET"]}}],"collection":[{"href":"https:\/\/ticket.monster\/fr\/wp-json\/wp\/v2\/pages"}],"about":[{"href":"https:\/\/ticket.monster\/fr\/wp-json\/wp\/v2\/types\/page"}],"author":[{"embeddable":true,"href":"https:\/\/ticket.monster\/fr\/wp-json\/wp\/v2\/users\/1"}],"replies":[{"embeddable":true,"href":"https:\/\/ticket.monster\/fr\/wp-json\/wp\/v2\/comments?post=3482"}],"version-history":[{"count":12,"href":"https:\/\/ticket.monster\/fr\/wp-json\/wp\/v2\/pages\/3482\/revisions"}],"predecessor-version":[{"id":3699,"href":"https:\/\/ticket.monster\/fr\/wp-json\/wp\/v2\/pages\/3482\/revisions\/3699"}],"wp:attachment":[{"href":"https:\/\/ticket.monster\/fr\/wp-json\/wp\/v2\/media?parent=3482"}],"curies":[{"name":"wp","href":"https:\/\/api.w.org\/{rel}","templated":true}]}}